{"id":1573,"date":"2022-04-12T08:09:57","date_gmt":"2022-04-12T08:09:57","guid":{"rendered":"https:\/\/www.capstantechnicals.eu\/?page_id=1573"},"modified":"2022-04-12T08:11:10","modified_gmt":"2022-04-12T08:11:10","slug":"politique-de-confidentialite","status":"publish","type":"page","link":"https:\/\/www.capstantechnicals.eu\/fr\/politique-de-confidentialite\/","title":{"rendered":"Politique de confidentialit\u00e9"},"content":{"rendered":"<p>[vc_row el_class=\u00a0\u00bbs_header\u00a0\u00bb][vc_column][vc_column_text el_class=\u00a0\u00bbnon_h1&Prime;]<\/p>\n<h2>Politique de confidentialit\u00e9<\/h2>\n<p>[\/vc_column_text][\/vc_column][\/vc_row][vc_row][vc_column][vc_column_text]<span data-syno-text=\"true\">Nous nous r\u00e9f\u00e9rons \u00e0 la <a href=\"\/nl\/privacybeleid\/\">politique de confidentialit\u00e9 en n\u00e9erlandais<\/a>. Si vous avez des questions concernant la confidentialit\u00e9 et les cookies, vous pouvez nous envoyer un e-mail via <\/span><span data-syno-text=\"true\">info@capstantechnicals.eu<\/span><span data-syno-text=\"true\">.<\/span>[\/vc_column_text][\/vc_column][\/vc_row]<\/p>\n","protected":false},"excerpt":{"rendered":"<p>[vc_row el_class=\u00a0\u00bbs_header\u00a0\u00bb][vc_column][vc_column_text el_class=\u00a0\u00bbnon_h1&Prime;] Politique de confidentialit\u00e9 [\/vc_column_text][\/vc_column][\/vc_row][vc_row][vc_column][vc_column_text]Nous nous r\u00e9f\u00e9rons \u00e0 la politique de confidentialit\u00e9 en n\u00e9erlandais. Si vous avez des&#8230;<\/p>\n","protected":false},"author":2,"featured_media":0,"parent":0,"menu_order":0,"comment_status":"closed","ping_status":"closed","template":"","meta":{"_custom_body_class":"","_custom_post_class":""},"yoast_head":"<!-- This site is optimized with the Yoast SEO plugin v16.4 - https:\/\/yoast.com\/wordpress\/plugins\/seo\/ -->\n<title>Nos housses pour robots dans 15 pays - Capstan Technicals<\/title>\n<meta name=\"description\" content=\"Capstan Technicals livre des housses pour robots sur mesure dans\u00a015\u00a0pays. Lesquels? Pour quels clients? Vous le d\u00e9couvrez ici!\" \/>\n<meta name=\"robots\" content=\"noindex, nofollow\" \/>\n<meta property=\"og:locale\" content=\"fr_FR\" \/>\n<meta property=\"og:type\" content=\"article\" \/>\n<meta property=\"og:title\" content=\"Nos housses pour robots dans 15 pays - Capstan Technicals\" \/>\n<meta property=\"og:description\" content=\"Capstan Technicals livre des housses pour robots sur mesure dans\u00a015\u00a0pays. Lesquels? Pour quels clients? Vous le d\u00e9couvrez ici!\" \/>\n<meta property=\"og:url\" content=\"https:\/\/www.capstantechnicals.eu\/fr\/politique-de-confidentialite\/\" \/>\n<meta property=\"og:site_name\" content=\"Capstan Technicals\" \/>\n<meta property=\"article:modified_time\" content=\"2022-04-12T08:11:10+00:00\" \/>\n<meta name=\"twitter:card\" content=\"summary_large_image\" \/>\n<meta name=\"twitter:label1\" content=\"Dur\u00e9e de lecture est.\" \/>\n\t<meta name=\"twitter:data1\" content=\"1 minute\" \/>\n<script type=\"application\/ld+json\" class=\"yoast-schema-graph\">{\"@context\":\"https:\/\/schema.org\",\"@graph\":[{\"@type\":\"WebSite\",\"@id\":\"https:\/\/www.capstantechnicals.eu\/#website\",\"url\":\"https:\/\/www.capstantechnicals.eu\/\",\"name\":\"Capstan Technicals\",\"description\":\"Beschrijving\",\"potentialAction\":[{\"@type\":\"SearchAction\",\"target\":\"https:\/\/www.capstantechnicals.eu\/?s={search_term_string}\",\"query-input\":\"required name=search_term_string\"}],\"inLanguage\":\"fr-FR\"},{\"@type\":\"WebPage\",\"@id\":\"https:\/\/www.capstantechnicals.eu\/fr\/politique-de-confidentialite\/#webpage\",\"url\":\"https:\/\/www.capstantechnicals.eu\/fr\/politique-de-confidentialite\/\",\"name\":\"Nos housses pour robots dans 15 pays - Capstan Technicals\",\"isPartOf\":{\"@id\":\"https:\/\/www.capstantechnicals.eu\/#website\"},\"datePublished\":\"2022-04-12T08:09:57+00:00\",\"dateModified\":\"2022-04-12T08:11:10+00:00\",\"description\":\"Capstan Technicals livre des housses pour robots sur mesure dans\\u00a015\\u00a0pays. Lesquels? Pour quels clients? Vous le d\\u00e9couvrez ici!\",\"breadcrumb\":{\"@id\":\"https:\/\/www.capstantechnicals.eu\/fr\/politique-de-confidentialite\/#breadcrumb\"},\"inLanguage\":\"fr-FR\",\"potentialAction\":[{\"@type\":\"ReadAction\",\"target\":[\"https:\/\/www.capstantechnicals.eu\/fr\/politique-de-confidentialite\/\"]}]},{\"@type\":\"BreadcrumbList\",\"@id\":\"https:\/\/www.capstantechnicals.eu\/fr\/politique-de-confidentialite\/#breadcrumb\",\"itemListElement\":[{\"@type\":\"ListItem\",\"position\":1,\"item\":{\"@type\":\"WebPage\",\"@id\":\"https:\/\/www.capstantechnicals.eu\/fr\/\",\"url\":\"https:\/\/www.capstantechnicals.eu\/fr\/\",\"name\":\"Home\"}},{\"@type\":\"ListItem\",\"position\":2,\"item\":{\"@id\":\"https:\/\/www.capstantechnicals.eu\/fr\/politique-de-confidentialite\/#webpage\"}}]}]}<\/script>\n<!-- \/ Yoast SEO plugin. -->","_links":{"self":[{"href":"https:\/\/www.capstantechnicals.eu\/fr\/wp-json\/wp\/v2\/pages\/1573"}],"collection":[{"href":"https:\/\/www.capstantechnicals.eu\/fr\/wp-json\/wp\/v2\/pages"}],"about":[{"href":"https:\/\/www.capstantechnicals.eu\/fr\/wp-json\/wp\/v2\/types\/page"}],"author":[{"embeddable":true,"href":"https:\/\/www.capstantechnicals.eu\/fr\/wp-json\/wp\/v2\/users\/2"}],"replies":[{"embeddable":true,"href":"https:\/\/www.capstantechnicals.eu\/fr\/wp-json\/wp\/v2\/comments?post=1573"}],"version-history":[{"count":7,"href":"https:\/\/www.capstantechnicals.eu\/fr\/wp-json\/wp\/v2\/pages\/1573\/revisions"}],"predecessor-version":[{"id":1592,"href":"https:\/\/www.capstantechnicals.eu\/fr\/wp-json\/wp\/v2\/pages\/1573\/revisions\/1592"}],"wp:attachment":[{"href":"https:\/\/www.capstantechnicals.eu\/fr\/wp-json\/wp\/v2\/media?parent=1573"}],"curies":[{"name":"wp","href":"https:\/\/api.w.org\/{rel}","templated":true}]}}