{"id":1551,"date":"2022-04-05T16:02:43","date_gmt":"2022-04-05T16:02:43","guid":{"rendered":"https:\/\/www.capstantechnicals.eu\/?page_id=1551"},"modified":"2022-04-05T16:04:06","modified_gmt":"2022-04-05T16:04:06","slug":"nouvelles","status":"publish","type":"page","link":"https:\/\/www.capstantechnicals.eu\/fr\/nouvelles\/","title":{"rendered":"Nouvelles"},"content":{"rendered":"<p>[vc_row el_class=\u00a0\u00bbs_header\u00a0\u00bb][vc_column][vc_column_text el_class=\u00a0\u00bbnon_h1&Prime;]<\/p>\n<h2><strong>Nouvelles<\/strong><\/h2>\n<p>[\/vc_column_text][\/vc_column][\/vc_row][vc_row][vc_column][vc_column_text]Restez \u00e0 l&rsquo;\u00e9coute pour les derni\u00e8res mises \u00e0 jour et autres faits int\u00e9ressants de Capstan Technicals.[\/vc_column_text][\/vc_column][\/vc_row][vc_row][vc_column][vc_row_inner][vc_column_inner][\/vc_column_inner][\/vc_row_inner][\/vc_column][\/vc_row]<\/p>\n","protected":false},"excerpt":{"rendered":"<p>[vc_row el_class=\u00a0\u00bbs_header\u00a0\u00bb][vc_column][vc_column_text el_class=\u00a0\u00bbnon_h1&Prime;] Nouvelles [\/vc_column_text][\/vc_column][\/vc_row][vc_row][vc_column][vc_column_text]Restez \u00e0 l&rsquo;\u00e9coute pour les derni\u00e8res mises \u00e0 jour et autres faits int\u00e9ressants de Capstan Technicals.[\/vc_column_text][\/vc_column][\/vc_row][vc_row][vc_column][vc_row_inner][vc_column_inner][\/vc_column_inner][\/vc_row_inner][\/vc_column][\/vc_row]<\/p>\n","protected":false},"author":2,"featured_media":0,"parent":0,"menu_order":0,"comment_status":"closed","ping_status":"closed","template":"","meta":{"_custom_body_class":"","_custom_post_class":""},"yoast_head":"<!-- This site is optimized with the Yoast SEO plugin v16.4 - https:\/\/yoast.com\/wordpress\/plugins\/seo\/ -->\n<title>Nouvelles - Capstan Technicals<\/title>\n<meta name=\"robots\" content=\"index, follow, max-snippet:-1, max-image-preview:large, max-video-preview:-1\" \/>\n<link rel=\"canonical\" href=\"https:\/\/www.capstantechnicals.eu\/fr\/nouvelles\/\" \/>\n<meta property=\"og:locale\" content=\"fr_FR\" \/>\n<meta property=\"og:type\" content=\"article\" \/>\n<meta property=\"og:title\" content=\"Nouvelles - Capstan Technicals\" \/>\n<meta property=\"og:description\" content=\"[vc_row el_class=\u00a0\u00bbs_header\u00a0\u00bb][vc_column][vc_column_text el_class=\u00a0\u00bbnon_h1&Prime;] Nouvelles [\/vc_column_text][\/vc_column][\/vc_row][vc_row][vc_column][vc_column_text]Restez \u00e0 l&rsquo;\u00e9coute pour les derni\u00e8res mises \u00e0 jour et autres faits int\u00e9ressants de Capstan Technicals.[\/vc_column_text][\/vc_column][\/vc_row][vc_row][vc_column][vc_row_inner][vc_column_inner][\/vc_column_inner][\/vc_row_inner][\/vc_column][\/vc_row]\" \/>\n<meta property=\"og:url\" content=\"https:\/\/www.capstantechnicals.eu\/fr\/nouvelles\/\" \/>\n<meta property=\"og:site_name\" content=\"Capstan Technicals\" \/>\n<meta property=\"article:modified_time\" content=\"2022-04-05T16:04:06+00:00\" \/>\n<meta name=\"twitter:card\" content=\"summary_large_image\" \/>\n<meta name=\"twitter:label1\" content=\"Dur\u00e9e de lecture est.\" \/>\n\t<meta name=\"twitter:data1\" content=\"1 minute\" \/>\n<script type=\"application\/ld+json\" class=\"yoast-schema-graph\">{\"@context\":\"https:\/\/schema.org\",\"@graph\":[{\"@type\":\"WebSite\",\"@id\":\"https:\/\/www.capstantechnicals.eu\/#website\",\"url\":\"https:\/\/www.capstantechnicals.eu\/\",\"name\":\"Capstan Technicals\",\"description\":\"Beschrijving\",\"potentialAction\":[{\"@type\":\"SearchAction\",\"target\":\"https:\/\/www.capstantechnicals.eu\/?s={search_term_string}\",\"query-input\":\"required name=search_term_string\"}],\"inLanguage\":\"fr-FR\"},{\"@type\":\"WebPage\",\"@id\":\"https:\/\/www.capstantechnicals.eu\/fr\/nouvelles\/#webpage\",\"url\":\"https:\/\/www.capstantechnicals.eu\/fr\/nouvelles\/\",\"name\":\"Nouvelles - Capstan Technicals\",\"isPartOf\":{\"@id\":\"https:\/\/www.capstantechnicals.eu\/#website\"},\"datePublished\":\"2022-04-05T16:02:43+00:00\",\"dateModified\":\"2022-04-05T16:04:06+00:00\",\"breadcrumb\":{\"@id\":\"https:\/\/www.capstantechnicals.eu\/fr\/nouvelles\/#breadcrumb\"},\"inLanguage\":\"fr-FR\",\"potentialAction\":[{\"@type\":\"ReadAction\",\"target\":[\"https:\/\/www.capstantechnicals.eu\/fr\/nouvelles\/\"]}]},{\"@type\":\"BreadcrumbList\",\"@id\":\"https:\/\/www.capstantechnicals.eu\/fr\/nouvelles\/#breadcrumb\",\"itemListElement\":[{\"@type\":\"ListItem\",\"position\":1,\"item\":{\"@type\":\"WebPage\",\"@id\":\"https:\/\/www.capstantechnicals.eu\/fr\/\",\"url\":\"https:\/\/www.capstantechnicals.eu\/fr\/\",\"name\":\"Home\"}},{\"@type\":\"ListItem\",\"position\":2,\"item\":{\"@id\":\"https:\/\/www.capstantechnicals.eu\/fr\/nouvelles\/#webpage\"}}]}]}<\/script>\n<!-- \/ Yoast SEO plugin. -->","_links":{"self":[{"href":"https:\/\/www.capstantechnicals.eu\/fr\/wp-json\/wp\/v2\/pages\/1551"}],"collection":[{"href":"https:\/\/www.capstantechnicals.eu\/fr\/wp-json\/wp\/v2\/pages"}],"about":[{"href":"https:\/\/www.capstantechnicals.eu\/fr\/wp-json\/wp\/v2\/types\/page"}],"author":[{"embeddable":true,"href":"https:\/\/www.capstantechnicals.eu\/fr\/wp-json\/wp\/v2\/users\/2"}],"replies":[{"embeddable":true,"href":"https:\/\/www.capstantechnicals.eu\/fr\/wp-json\/wp\/v2\/comments?post=1551"}],"version-history":[{"count":2,"href":"https:\/\/www.capstantechnicals.eu\/fr\/wp-json\/wp\/v2\/pages\/1551\/revisions"}],"predecessor-version":[{"id":1557,"href":"https:\/\/www.capstantechnicals.eu\/fr\/wp-json\/wp\/v2\/pages\/1551\/revisions\/1557"}],"wp:attachment":[{"href":"https:\/\/www.capstantechnicals.eu\/fr\/wp-json\/wp\/v2\/media?parent=1551"}],"curies":[{"name":"wp","href":"https:\/\/api.w.org\/{rel}","templated":true}]}}