{"id":1438,"date":"2022-03-31T11:47:57","date_gmt":"2022-03-31T11:47:57","guid":{"rendered":"https:\/\/www.capstantechnicals.eu\/?page_id=1438"},"modified":"2022-04-08T07:09:25","modified_gmt":"2022-04-08T07:09:25","slug":"acceuil","status":"publish","type":"page","link":"https:\/\/www.capstantechnicals.eu\/fr\/","title":{"rendered":"Accueil"},"content":{"rendered":"<p>[vc_row el_class=\u00a0\u00bbh_header\u00a0\u00bb][vc_column el_class=\u00a0\u00bbcontainer\u00a0\u00bb][vc_row_inner][vc_column_inner][vc_column_text el_class=\u00a0\u00bbtitle\u00a0\u00bb]<\/p>\n<h1>Nous offrons la meilleure protection \u00e0 vos <strong>robots de peinture<\/strong><\/h1>\n<p>[\/vc_column_text][vc_column_text el_class=\u00a0\u00bbtxt\u00a0\u00bb]Dans les usines automobiles FEO et de niveau 1, la ligne de peinture est l\u2019une des divisions les plus importantes. Les robots de peinture sont ici un maillon essentiel.<\/p>\n<p>Depuis sa cr\u00e9ation, Capstan Technicals a toujours recherch\u00e9 la meilleure protection pour vos robots. L\u2019entreprise, totalement int\u00e9gr\u00e9e, met au point des housses pour robots, du choix de la fibre au produit fini.<\/p>\n<p>Chaque ligne de robot est diff\u00e9rente. Nous confectionnons d\u00e8s lors une protection enti\u00e8rement sur mesure pour la ligne de peinture. Non seulement nous garantissons la meilleure protection pour vos robots, mais notre solution sur mesure et sans poussi\u00e8re nous permet aussi d\u2019am\u00e9liorer votre peinture.<br \/>\n[\/vc_column_text]<div class=\"gem-button-container gem-button-position-left btn--deco btn--scroll\"><a class=\"gem-button gem-button-size-medium gem-button-style-flat gem-button-text-weight-normal gem-button-icon-position-right gem-button-no-uppercase\" style=\"border-radius: 50px;background-color: #ca3717;color: #ffffff;\" onmouseleave=\"this.style.backgroundColor='#ca3717';this.style.color='#ffffff';\" onmouseenter=\"this.style.backgroundColor='#ffffff';this.style.color='#ca3717';\" href=\"\/#usp\" target=\"_self\">En savoir plus<i class=\"gem-print-icon gem-icon-pack-fontawesome\">&#xf0dd;<\/i><\/a><\/div> [\/vc_column_inner][\/vc_row_inner][\/vc_column][\/vc_row][vc_row css_animation=\u00a0\u00bbzoomIn\u00a0\u00bb el_class=\u00a0\u00bbcontainer-strengths container__img&#8211;w100&Prime; el_id=\u00a0\u00bbusp\u00a0\u00bb][vc_column][vc_row_inner gap=\u00a0\u00bb15&Prime; el_class=\u00a0\u00bbcards__container\u00a0\u00bb][vc_column_inner el_class=\u00a0\u00bbcard border-radius-1&Prime; width=\u00a0\u00bb1\/3&Prime;][vc_single_image image=\u00a0\u00bb1181&Prime; img_size=\u00a0\u00bbmedium\u00a0\u00bb alignment=\u00a0\u00bbcenter\u00a0\u00bb el_class=\u00a0\u00bbimg-svg\u00a0\u00bb][vc_column_text el_class=\u00a0\u00bbtxt txt&#8211;underscore\u00a0\u00bb]<\/p>\n<h3 style=\"text-align: center;\">Innovation<\/h3>\n<p>[\/vc_column_text][vc_column_text el_class=\u00a0\u00bbtxt\u00a0\u00bb]<\/p>\n<p style=\"text-align: center;\">Capstan Technicals se tient continuellement au courant des derni\u00e8res \u00e9volutions de l\u2019industrie textile. Nous testons constamment de nouveaux tissus et fibres. D\u00e8s que possible, nous utilisons les techniques de tricot dernier cri chez nos clients. Il s\u2019agit notamment de la m\u00e9thode de tricot 3D.<\/p>\n<p>[\/vc_column_text][\/vc_column_inner][vc_column_inner el_class=\u00a0\u00bbcard box-shadow border-radius-1&Prime; width=\u00a0\u00bb1\/3&Prime;][vc_single_image image=\u00a0\u00bb1189&Prime; img_size=\u00a0\u00bbmedium\u00a0\u00bb alignment=\u00a0\u00bbcenter\u00a0\u00bb el_class=\u00a0\u00bbimg-svg\u00a0\u00bb][vc_column_text el_class=\u00a0\u00bbtxt txt&#8211;underscore\u00a0\u00bb]<\/p>\n<h3 style=\"text-align: center;\">Qualit\u00e9 constante<\/h3>\n<p>[\/vc_column_text][vc_column_text el_class=\u00a0\u00bbtxt\u00a0\u00bb]<\/p>\n<p style=\"text-align: center;\">Capstan Technicals dispose d&rsquo;un processus de production enti\u00e8rement int\u00e9gr\u00e9. Cela nous permet de vous offrir des produits d&rsquo;une qualit\u00e9 exceptionnelle et tr\u00e8s constante. Tout au long des diff\u00e9rentes \u00e9tapes de notre production, nous effectuons des contr\u00f4les de qualit\u00e9 syst\u00e9matiques.<\/p>\n<p>[\/vc_column_text][\/vc_column_inner][vc_column_inner el_class=\u00a0\u00bbcard border-radius-1&Prime; width=\u00a0\u00bb1\/3&Prime;][vc_single_image image=\u00a0\u00bb1177&Prime; img_size=\u00a0\u00bbmedium\u00a0\u00bb alignment=\u00a0\u00bbcenter\u00a0\u00bb el_class=\u00a0\u00bbimg-svg\u00a0\u00bb][vc_column_text el_class=\u00a0\u00bbtxt txt&#8211;underscore\u00a0\u00bb]<\/p>\n<h3 style=\"text-align: center;\">Contact direct<\/h3>\n<p>[\/vc_column_text][vc_column_text el_class=\u00a0\u00bbtxt\u00a0\u00bb]<\/p>\n<p style=\"text-align: center;\">Capstan Technicals se caract\u00e9rise par une structure administrative all\u00e9g\u00e9e. Durant les heures de bureau, vous pouvez toujours vous adresser \u00e0 notre d\u00e9partement des ventes. Pour des questions pointues et des solutions urgentes, pri\u00e8re de contacter Hendrik ou Vincent. 7\/7 \u2013 24\/24.<\/p>\n<p>[\/vc_column_text][\/vc_column_inner][\/vc_row_inner][\/vc_column][\/vc_row][vc_row full_width=\u00a0\u00bbstretch_row\u00a0\u00bb el_class=\u00a0\u00bbcontainer__img&#8211;w100 mb-40&Prime;][vc_column][vc_row_inner][vc_column_inner][vc_single_image image=\u00a0\u00bb1210&Prime;][\/vc_column_inner][\/vc_row_inner][\/vc_column][\/vc_row][vc_row css_animation=\u00a0\u00bbzoomIn\u00a0\u00bb el_class=\u00a0\u00bbrow\u00a0\u00bb][vc_column][vc_row_inner el_class=\u00a0\u00bbcontainer-home-werk container__img&#8211;w100&Prime;][vc_column_inner el_class=\u00a0\u00bbcard border-radius-1 col\u00a0\u00bb width=\u00a0\u00bb1\/2&Prime;][vc_single_image image=\u00a0\u00bb1193&Prime; img_size=\u00a0\u00bbmedium\u00a0\u00bb alignment=\u00a0\u00bbcenter\u00a0\u00bb el_class=\u00a0\u00bbimg-svg\u00a0\u00bb][vc_column_text el_class=\u00a0\u00bbtxt txt&#8211;underscore\u00a0\u00bb]<\/p>\n<h3 style=\"text-align: center;\">Comment proc\u00e9dons-nous ?<\/h3>\n<p>[\/vc_column_text][vc_column_text el_class=\u00a0\u00bbtxt\u00a0\u00bb]<\/p>\n<p style=\"text-align: center;\">Chaque ligne de peinture est diff\u00e9rente, chaque processus de production a ses propres besoins. Nous ne commen\u00e7ons donc pas par un produit standard, mais par une analyse approfondie de votre ligne de peinture&#8230;<\/p>\n<p>[\/vc_column_text]<div class=\"gem-button-container gem-button-position-fullwidth btn--deco\"><a title=\"Capstan m\u00e9thode de travail\" class=\"gem-button gem-button-size-medium gem-button-style-flat gem-button-text-weight-normal gem-button-no-uppercase\" style=\"border-radius: 50px;background-color: #ca3717;color: #ffffff;\" onmouseleave=\"this.style.backgroundColor='#ca3717';this.style.color='#ffffff';\" onmouseenter=\"this.style.backgroundColor='#ffffff';this.style.color='#ca3717';\" href=\"\/fr\/methode-de-travail\/\" target=\"_self\">En savoir plus<\/a><\/div> [\/vc_column_inner][vc_column_inner el_class=\u00a0\u00bbcard border-radius-1 col\u00a0\u00bb width=\u00a0\u00bb1\/2&Prime;][vc_single_image image=\u00a0\u00bb1185&Prime; img_size=\u00a0\u00bbmedium\u00a0\u00bb alignment=\u00a0\u00bbcenter\u00a0\u00bb el_class=\u00a0\u00bbimg-svg\u00a0\u00bb][vc_column_text el_class=\u00a0\u00bbtxt txt&#8211;underscore\u00a0\u00bb]<\/p>\n<h3 style=\"text-align: center;\">Nos produits ?<\/h3>\n<p>[\/vc_column_text][vc_column_text el_class=\u00a0\u00bbtxt\u00a0\u00bb]<\/p>\n<p style=\"text-align: center;\">Le tissu de base de nos housses pour robots est la pierre angulaire de notre succ\u00e8s. Nous avons accord\u00e9 \u00e9norm\u00e9ment d\u2019importance \u00e0 la conception de nos tissus tricot\u00e9s.<\/p>\n<p>[\/vc_column_text]<div class=\"gem-button-container gem-button-position-fullwidth btn--deco\"><a title=\"Capstan housses pour robots sur mesure\" class=\"gem-button gem-button-size-medium gem-button-style-flat gem-button-text-weight-normal gem-button-no-uppercase\" style=\"border-radius: 50px;background-color: #ca3717;color: #ffffff;\" onmouseleave=\"this.style.backgroundColor='#ca3717';this.style.color='#ffffff';\" onmouseenter=\"this.style.backgroundColor='#ffffff';this.style.color='#ca3717';\" href=\"\/fr\/produits\/\" target=\"_self\">En savoir plus<\/a><\/div> [\/vc_column_inner][\/vc_row_inner][\/vc_column][\/vc_row][vc_row css_animation=\u00a0\u00bbzoomIn\u00a0\u00bb][vc_column][vc_row_inner el_class=\u00a0\u00bbbanner__img\u00a0\u00bb][vc_column_inner el_class=\u00a0\u00bbcontainer__img\u00a0\u00bb width=\u00a0\u00bb2\/3&Prime;][vc_single_image image=\u00a0\u00bb1493&Prime; img_size=\u00a0\u00bbfull\u00a0\u00bb alignment=\u00a0\u00bbcenter\u00a0\u00bb][\/vc_column_inner][vc_column_inner width=\u00a0\u00bb1\/3&Prime;][vc_single_image image=\u00a0\u00bb1273&Prime; img_size=\u00a0\u00bbfull\u00a0\u00bb][\/vc_column_inner][\/vc_row_inner][\/vc_column][\/vc_row][vc_row css_animation=\u00a0\u00bbzoomIn\u00a0\u00bb el_class=\u00a0\u00bbh_banner\u00a0\u00bb][vc_column][vc_row_inner el_class=\u00a0\u00bbbanner\u00a0\u00bb][vc_column_inner el_class=\u00a0\u00bbtxt&#8211;reverse\u00a0\u00bb width=\u00a0\u00bb2\/3&Prime;][vc_column_text el_class=\u00a0\u00bbtxt\u00a0\u00bb]Avez-vous besoin de housses sur mesure pour robots ?[\/vc_column_text][\/vc_column_inner][vc_column_inner width=\u00a0\u00bb1\/3&Prime;]<div class=\"gem-button-container gem-button-position-fullwidth btn--deco_v2\"><a class=\"gem-button gem-button-size-medium gem-button-style-flat gem-button-text-weight-normal gem-button-no-uppercase\" style=\"border-radius: 50px;background-color: #ffffff;color: #0a0a0a;\" onmouseleave=\"this.style.backgroundColor='#ffffff';this.style.color='#0a0a0a';\" onmouseenter=\"this.style.backgroundColor='rgba(219,3,22,0.5)';this.style.color='#ffffff';\" href=\"\/fr\/contact\/\" target=\"_self\">Contactez-nous<\/a><\/div> [\/vc_column_inner][\/vc_row_inner][\/vc_column][\/vc_row][vc_row disable_element=\u00a0\u00bbyes\u00a0\u00bb css_animation=\u00a0\u00bbzoomIn\u00a0\u00bb el_class=\u00a0\u00bbh_nieuws\u00a0\u00bb][vc_column][vc_column_text el_class=\u00a0\u00bbtxt&#8211;underscore\u00a0\u00bb]<\/p>\n<h2 style=\"text-align: center;\">Nouvelles<\/h2>\n<p>[\/vc_column_text][vc_basic_grid post_type=\u00a0\u00bbpost\u00a0\u00bb max_items=\u00a0\u00bb1&Prime; element_width=\u00a0\u00bb12&Prime; grid_id=\u00a0\u00bbvc_gid:1649401736052-1adcc5d6-9c2a-0&Prime; el_class=\u00a0\u00bbcard border-radius-1&Prime;][\/vc_column][\/vc_row][vc_row css_animation=\u00a0\u00bbzoomIn\u00a0\u00bb el_class=\u00a0\u00bbh_slider\u00a0\u00bb][vc_column][vc_row_inner][vc_column_inner][\/vc_column_inner][\/vc_row_inner][\/vc_column][\/vc_row][vc_row css_animation=\u00a0\u00bbzoomIn\u00a0\u00bb el_class=\u00a0\u00bbseo\u00a0\u00bb][vc_column][vc_column_text]<\/p>\n<h1>Des housses sur mesure pour robots industrielles\u00a0: la protection optimale<\/h1>\n<p>Les robots se trouvent souvent dans un environnement exigeant. Ainsi, ils entrent quotidiennement en contact avec l\u2019humidit\u00e9, des temp\u00e9ratures \u00e9lev\u00e9es, des produits chimiques et de la poussi\u00e8re. Il est donc crucial de les pr\u00e9server le mieux possible. Chacun veut naturellement les conserver le plus longtemps possible. \u00cates-vous \u00e0 la recherche de la protection ad\u00e9quate pour votre robot pulv\u00e9risateur ? Capstan Technicals offre une large gamme <a title=\"Capstan housses sur mesure pour robots\" href=\"\/fr\/produits\/\">produits<\/a> \u00e0 savoir plusieurs <strong>housses pour robots sur mesure <\/strong>destin\u00e9es aux robots industriels de toutes marques et dans toutes les tailles et grandeurs.<\/p>\n<h2>Du sur mesure gr\u00e2ce \u00e0 Capstan Technicals<\/h2>\n<p>Bien s\u00fbr, chaque ligne de robot est diff\u00e9rente. Chaque processus de production a des besoins diff\u00e9rents ; nous livrons toujours \u00e0 chaque client une <a title=\"Capstan Solutions\" href=\"\/fr\/solutions\">solution<\/a> sp\u00e9cifique et sur mesure. Lors du processus de production initial de votre housse pour robot, nous analysons tout d\u2019abord en profondeur les besoins de ce robot. Ensuite, nous vous pr\u00e9sentons une proposition et confectionnons avec expertise votre housse pour robot personnalis\u00e9e. D\u00e8s que les premiers \u00e9chantillons sont pr\u00eats, nous proc\u00e9dons assez vite \u00e0 un premier essayage.<\/p>\n<p>Chez Capstan Technicals, il nous importe \u00e9galement de suivre de pr\u00e8s les derni\u00e8res \u00e9volutions de l\u2019industrie textile. Ainsi, nous vous livrons toujours ce qu\u2019il y a de meilleur. Notre tissu est enti\u00e8rement exempt de poussi\u00e8re et combine une extensibilit\u00e9 maximale avec un pouvoir d\u2019absorption in\u00e9gal\u00e9. Il convient donc parfaitement pour le fonctionnement optimal, s\u00fbr, propre et de longue dur\u00e9e de votre robot.<\/p>\n<h3>\u00cates-vous int\u00e9ress\u00e9 par les housses pour robots ?<\/h3>\n<p>\u00cates-vous int\u00e9ress\u00e9 par l\u2019achat d\u2019une <em>housse pour robot sur mesure<\/em> ou d\u00e9sirez-vous discuter avec nous des diff\u00e9rentes options ? Nous nous ferons un plaisir de vous aider ! Contactez-nous via notre <a title=\"Contactez Capstan Technicals\" href=\"\/fr\/contact\">formulaire de contact<\/a>, par mail, fax ou t\u00e9l\u00e9phone. Pr\u00e9f\u00e9rez-vous venir sur place ? Rendez-vous dans notre d\u00e9partement des ventes durant les heures de bureau. Avez-vous besoin d\u2019une aide urgente ou d\u2019une r\u00e9ponse cibl\u00e9e ? Chez Capstan Technicals, Hendrik et Vincent se tiennent toujours \u00e0 votre disposition 7\/7 \u2013 24\/24.[\/vc_column_text][\/vc_column][\/vc_row]<\/p>\n","protected":false},"excerpt":{"rendered":"<p>[vc_row el_class=\u00a0\u00bbh_header\u00a0\u00bb][vc_column el_class=\u00a0\u00bbcontainer\u00a0\u00bb][vc_row_inner][vc_column_inner][vc_column_text el_class=\u00a0\u00bbtitle\u00a0\u00bb] Nous offrons la meilleure protection \u00e0 vos robots de peinture [\/vc_column_text][vc_column_text el_class=\u00a0\u00bbtxt\u00a0\u00bb]Dans les usines automobiles FEO&#8230;<\/p>\n","protected":false},"author":2,"featured_media":0,"parent":0,"menu_order":0,"comment_status":"closed","ping_status":"closed","template":"","meta":{"_custom_body_class":"","_custom_post_class":""},"yoast_head":"<!-- This site is optimized with the Yoast SEO plugin v16.4 - https:\/\/yoast.com\/wordpress\/plugins\/seo\/ -->\n<title>Besoin de housses pour robots sur mesure? - Capstan Technicals<\/title>\n<meta name=\"description\" content=\"Capstan Technicals offre une large gamme de housses pour robots sur mesure pour une protection optimale. En savoir plus?\" \/>\n<meta name=\"robots\" content=\"index, follow, max-snippet:-1, max-image-preview:large, max-video-preview:-1\" \/>\n<link rel=\"canonical\" href=\"https:\/\/www.capstantechnicals.eu\/fr\/\" \/>\n<meta property=\"og:locale\" content=\"fr_FR\" \/>\n<meta property=\"og:type\" content=\"article\" \/>\n<meta property=\"og:title\" content=\"Besoin de housses pour robots sur mesure? - Capstan Technicals\" \/>\n<meta property=\"og:description\" content=\"Capstan Technicals offre une large gamme de housses pour robots sur mesure pour une protection optimale. En savoir plus?\" \/>\n<meta property=\"og:url\" content=\"https:\/\/www.capstantechnicals.eu\/fr\/\" \/>\n<meta property=\"og:site_name\" content=\"Capstan Technicals\" \/>\n<meta property=\"article:modified_time\" content=\"2022-04-08T07:09:25+00:00\" \/>\n<meta name=\"twitter:card\" content=\"summary_large_image\" \/>\n<meta name=\"twitter:label1\" content=\"Dur\u00e9e de lecture est.\" \/>\n\t<meta name=\"twitter:data1\" content=\"4 minutes\" \/>\n<script type=\"application\/ld+json\" class=\"yoast-schema-graph\">{\"@context\":\"https:\/\/schema.org\",\"@graph\":[{\"@type\":\"WebSite\",\"@id\":\"https:\/\/www.capstantechnicals.eu\/#website\",\"url\":\"https:\/\/www.capstantechnicals.eu\/\",\"name\":\"Capstan Technicals\",\"description\":\"Beschrijving\",\"potentialAction\":[{\"@type\":\"SearchAction\",\"target\":\"https:\/\/www.capstantechnicals.eu\/?s={search_term_string}\",\"query-input\":\"required name=search_term_string\"}],\"inLanguage\":\"fr-FR\"},{\"@type\":\"WebPage\",\"@id\":\"https:\/\/www.capstantechnicals.eu\/fr\/#webpage\",\"url\":\"https:\/\/www.capstantechnicals.eu\/fr\/\",\"name\":\"Besoin de housses pour robots sur mesure? - Capstan Technicals\",\"isPartOf\":{\"@id\":\"https:\/\/www.capstantechnicals.eu\/#website\"},\"datePublished\":\"2022-03-31T11:47:57+00:00\",\"dateModified\":\"2022-04-08T07:09:25+00:00\",\"description\":\"Capstan Technicals offre une large gamme de housses pour robots sur mesure pour une protection optimale. En savoir plus?\",\"breadcrumb\":{\"@id\":\"https:\/\/www.capstantechnicals.eu\/fr\/#breadcrumb\"},\"inLanguage\":\"fr-FR\",\"potentialAction\":[{\"@type\":\"ReadAction\",\"target\":[\"https:\/\/www.capstantechnicals.eu\/fr\/\"]}]},{\"@type\":\"BreadcrumbList\",\"@id\":\"https:\/\/www.capstantechnicals.eu\/fr\/#breadcrumb\",\"itemListElement\":[{\"@type\":\"ListItem\",\"position\":1,\"item\":{\"@type\":\"WebPage\",\"@id\":\"https:\/\/www.capstantechnicals.eu\/fr\/\",\"url\":\"https:\/\/www.capstantechnicals.eu\/fr\/\",\"name\":\"Home\"}},{\"@type\":\"ListItem\",\"position\":2,\"item\":{\"@id\":\"https:\/\/www.capstantechnicals.eu\/fr\/#webpage\"}}]}]}<\/script>\n<!-- \/ Yoast SEO plugin. -->","_links":{"self":[{"href":"https:\/\/www.capstantechnicals.eu\/fr\/wp-json\/wp\/v2\/pages\/1438"}],"collection":[{"href":"https:\/\/www.capstantechnicals.eu\/fr\/wp-json\/wp\/v2\/pages"}],"about":[{"href":"https:\/\/www.capstantechnicals.eu\/fr\/wp-json\/wp\/v2\/types\/page"}],"author":[{"embeddable":true,"href":"https:\/\/www.capstantechnicals.eu\/fr\/wp-json\/wp\/v2\/users\/2"}],"replies":[{"embeddable":true,"href":"https:\/\/www.capstantechnicals.eu\/fr\/wp-json\/wp\/v2\/comments?post=1438"}],"version-history":[{"count":14,"href":"https:\/\/www.capstantechnicals.eu\/fr\/wp-json\/wp\/v2\/pages\/1438\/revisions"}],"predecessor-version":[{"id":1570,"href":"https:\/\/www.capstantechnicals.eu\/fr\/wp-json\/wp\/v2\/pages\/1438\/revisions\/1570"}],"wp:attachment":[{"href":"https:\/\/www.capstantechnicals.eu\/fr\/wp-json\/wp\/v2\/media?parent=1438"}],"curies":[{"name":"wp","href":"https:\/\/api.w.org\/{rel}","templated":true}]}}