{"id":1412,"date":"2022-03-31T11:19:11","date_gmt":"2022-03-31T11:19:11","guid":{"rendered":"https:\/\/www.capstantechnicals.eu\/solutions\/"},"modified":"2022-04-01T09:08:25","modified_gmt":"2022-04-01T09:08:25","slug":"solutions","status":"publish","type":"page","link":"https:\/\/www.capstantechnicals.eu\/fr\/solutions\/","title":{"rendered":"Solutions"},"content":{"rendered":"<p>[vc_row el_class=\u00a0\u00bbs_header\u00a0\u00bb][vc_column][vc_column_text el_class=\u00a0\u00bbnon_h1&Prime;]<\/p>\n<h2><strong>Solutions<\/strong> Capstan<\/h2>\n<p>[\/vc_column_text][\/vc_column][\/vc_row][vc_row][vc_column][vc_column_text]Le nom Capstan Solutions recouvre les produits que nous fabriquons en plus des housses pour robots.\u00a0Ces produits s\u2019utilisent pour la peinture (combinaisons de peintures, protection des pi\u00e8ces d\u00e9tach\u00e9es achev\u00e9es des voitures) ainsi que dans divers secteurs industriels.<\/p>\n<p>Par exemple, nous avons l\u2019exp\u00e9rience des tissus ignifuges que nous employons pour la protection des robots de soudage.<\/p>\n<p>Dans un certain nombre d\u2019usines europ\u00e9ennes, nous fabriquons des auvents pour ascenseurs. De la sorte, ils restent prot\u00e9g\u00e9s de la poussi\u00e8re.<\/p>\n<p class=\"p1\">Un client de l\u2019industrie nous a qualifi\u00e9s de \u00ab\u00a0Tailleurs de l\u2019industrie\u00a0\u00bb. Un titre dont nous sommes fiers.<\/p>\n<p>[\/vc_column_text][\/vc_column][\/vc_row][vc_row css_animation=\u00a0\u00bbzoomIn\u00a0\u00bb el_class=\u00a0\u00bbh_banner\u00a0\u00bb][vc_column][vc_row_inner el_class=\u00a0\u00bbbanner\u00a0\u00bb][vc_column_inner el_class=\u00a0\u00bbtxt&#8211;reverse\u00a0\u00bb width=\u00a0\u00bb2\/3&Prime;][vc_column_text el_class=\u00a0\u00bbtxt\u00a0\u00bb]Demandez votre devis[\/vc_column_text][\/vc_column_inner][vc_column_inner width=\u00a0\u00bb1\/3&Prime;]<div class=\"gem-button-container gem-button-position-fullwidth btn--deco_v2\"><a class=\"gem-button gem-button-size-medium gem-button-style-flat gem-button-text-weight-normal gem-button-no-uppercase\" style=\"border-radius: 50px;background-color: #ffffff;color: #0a0a0a;\" onmouseleave=\"this.style.backgroundColor='#ffffff';this.style.color='#0a0a0a';\" onmouseenter=\"this.style.backgroundColor='rgba(219,3,22,0.5)';this.style.color='#ffffff';\" href=\"\/contact\/\" target=\"_self\">Contactez-nous<\/a><\/div> [\/vc_column_inner][\/vc_row_inner][\/vc_column][\/vc_row][vc_column][\/vc_column]<\/p>\n","protected":false},"excerpt":{"rendered":"<p>[vc_row el_class=\u00a0\u00bbs_header\u00a0\u00bb][vc_column][vc_column_text el_class=\u00a0\u00bbnon_h1&Prime;] Solutions Capstan [\/vc_column_text][\/vc_column][\/vc_row][vc_row][vc_column][vc_column_text]Le nom Capstan Solutions recouvre les produits que nous fabriquons en plus des housses pour&#8230;<\/p>\n","protected":false},"author":2,"featured_media":0,"parent":0,"menu_order":0,"comment_status":"closed","ping_status":"closed","template":"","meta":{"_custom_body_class":"","_custom_post_class":""},"yoast_head":"<!-- This site is optimized with the Yoast SEO plugin v16.4 - https:\/\/yoast.com\/wordpress\/plugins\/seo\/ -->\n<title>Capstan Solutions: d&#039;autres produits, la m\u00eame qualit\u00e9 - Capstan Technicals<\/title>\n<meta name=\"description\" content=\"Le nom Capstan Solutions recouvre toute une gamme de produits destin\u00e9es \u00e0 divers secteurs de l\u2019industrie, dont celui de la peinture.\" \/>\n<meta name=\"robots\" content=\"index, follow, max-snippet:-1, max-image-preview:large, max-video-preview:-1\" \/>\n<link rel=\"canonical\" href=\"https:\/\/www.capstantechnicals.eu\/fr\/solutions\/\" \/>\n<meta property=\"og:locale\" content=\"fr_FR\" \/>\n<meta property=\"og:type\" content=\"article\" \/>\n<meta property=\"og:title\" content=\"Capstan Solutions: d&#039;autres produits, la m\u00eame qualit\u00e9 - Capstan Technicals\" \/>\n<meta property=\"og:description\" content=\"Le nom Capstan Solutions recouvre toute une gamme de produits destin\u00e9es \u00e0 divers secteurs de l\u2019industrie, dont celui de la peinture.\" \/>\n<meta property=\"og:url\" content=\"https:\/\/www.capstantechnicals.eu\/fr\/solutions\/\" \/>\n<meta property=\"og:site_name\" content=\"Capstan Technicals\" \/>\n<meta property=\"article:modified_time\" content=\"2022-04-01T09:08:25+00:00\" \/>\n<meta name=\"twitter:card\" content=\"summary_large_image\" \/>\n<meta name=\"twitter:label1\" content=\"Dur\u00e9e de lecture est.\" \/>\n\t<meta name=\"twitter:data1\" content=\"1 minute\" \/>\n<script type=\"application\/ld+json\" class=\"yoast-schema-graph\">{\"@context\":\"https:\/\/schema.org\",\"@graph\":[{\"@type\":\"WebSite\",\"@id\":\"https:\/\/www.capstantechnicals.eu\/#website\",\"url\":\"https:\/\/www.capstantechnicals.eu\/\",\"name\":\"Capstan Technicals\",\"description\":\"Beschrijving\",\"potentialAction\":[{\"@type\":\"SearchAction\",\"target\":\"https:\/\/www.capstantechnicals.eu\/?s={search_term_string}\",\"query-input\":\"required name=search_term_string\"}],\"inLanguage\":\"fr-FR\"},{\"@type\":\"WebPage\",\"@id\":\"https:\/\/www.capstantechnicals.eu\/fr\/solutions\/#webpage\",\"url\":\"https:\/\/www.capstantechnicals.eu\/fr\/solutions\/\",\"name\":\"Capstan Solutions: d'autres produits, la m\\u00eame qualit\\u00e9 - Capstan Technicals\",\"isPartOf\":{\"@id\":\"https:\/\/www.capstantechnicals.eu\/#website\"},\"datePublished\":\"2022-03-31T11:19:11+00:00\",\"dateModified\":\"2022-04-01T09:08:25+00:00\",\"description\":\"Le nom Capstan Solutions recouvre toute une gamme de produits destin\\u00e9es \\u00e0 divers secteurs de l\\u2019industrie, dont celui de la peinture.\",\"breadcrumb\":{\"@id\":\"https:\/\/www.capstantechnicals.eu\/fr\/solutions\/#breadcrumb\"},\"inLanguage\":\"fr-FR\",\"potentialAction\":[{\"@type\":\"ReadAction\",\"target\":[\"https:\/\/www.capstantechnicals.eu\/fr\/solutions\/\"]}]},{\"@type\":\"BreadcrumbList\",\"@id\":\"https:\/\/www.capstantechnicals.eu\/fr\/solutions\/#breadcrumb\",\"itemListElement\":[{\"@type\":\"ListItem\",\"position\":1,\"item\":{\"@type\":\"WebPage\",\"@id\":\"https:\/\/www.capstantechnicals.eu\/fr\/\",\"url\":\"https:\/\/www.capstantechnicals.eu\/fr\/\",\"name\":\"Home\"}},{\"@type\":\"ListItem\",\"position\":2,\"item\":{\"@id\":\"https:\/\/www.capstantechnicals.eu\/fr\/solutions\/#webpage\"}}]}]}<\/script>\n<!-- \/ Yoast SEO plugin. -->","_links":{"self":[{"href":"https:\/\/www.capstantechnicals.eu\/fr\/wp-json\/wp\/v2\/pages\/1412"}],"collection":[{"href":"https:\/\/www.capstantechnicals.eu\/fr\/wp-json\/wp\/v2\/pages"}],"about":[{"href":"https:\/\/www.capstantechnicals.eu\/fr\/wp-json\/wp\/v2\/types\/page"}],"author":[{"embeddable":true,"href":"https:\/\/www.capstantechnicals.eu\/fr\/wp-json\/wp\/v2\/users\/2"}],"replies":[{"embeddable":true,"href":"https:\/\/www.capstantechnicals.eu\/fr\/wp-json\/wp\/v2\/comments?post=1412"}],"version-history":[{"count":4,"href":"https:\/\/www.capstantechnicals.eu\/fr\/wp-json\/wp\/v2\/pages\/1412\/revisions"}],"predecessor-version":[{"id":1466,"href":"https:\/\/www.capstantechnicals.eu\/fr\/wp-json\/wp\/v2\/pages\/1412\/revisions\/1466"}],"wp:attachment":[{"href":"https:\/\/www.capstantechnicals.eu\/fr\/wp-json\/wp\/v2\/media?parent=1412"}],"curies":[{"name":"wp","href":"https:\/\/api.w.org\/{rel}","templated":true}]}}