{"id":1408,"date":"2022-03-31T11:19:04","date_gmt":"2022-03-31T11:19:04","guid":{"rendered":"https:\/\/www.capstantechnicals.eu\/produits\/"},"modified":"2022-04-01T07:44:44","modified_gmt":"2022-04-01T07:44:44","slug":"produits","status":"publish","type":"page","link":"https:\/\/www.capstantechnicals.eu\/fr\/produits\/","title":{"rendered":"Produits"},"content":{"rendered":"<p>[vc_row el_class=\u00a0\u00bbs_header\u00a0\u00bb][vc_column][vc_column_text el_class=\u00a0\u00bbnon_h1&Prime;]<\/p>\n<h2>Nos <strong>produits<\/strong><\/h2>\n<p>[\/vc_column_text][\/vc_column][\/vc_row][vc_row][vc_column][vc_row_inner][vc_column_inner width=\u00a0\u00bb1\/2&Prime;][vc_column_text]Le tissu de base de nos housses est la pierre angulaire de notre succ\u00e8s. Nous avons accord\u00e9 \u00e9norm\u00e9ment d\u2019importance \u00e0 la conception de nos tissus tricot\u00e9s. Ainsi, ils combinent une extensibilit\u00e9 maximale avec un pouvoir d\u2019absorption in\u00e9gal\u00e9.[\/vc_column_text][vc_column_text]Nous livrons nos housses pour robots sans poussi\u00e8re et dans un emballage individuel.[\/vc_column_text][vc_column_text]Nous poss\u00e9dons une unit\u00e9 de production en Belgique, o\u00f9 nous fabriquons les housses plus simples.<br \/>\nForts de techniques de coupe ultraperfectionn\u00e9es, nous r\u00e9ussissons \u00e0 vous livrer une housse sans poussi\u00e8re dont les coutures sont parfaitement \u00e9tanches. Les housses que nous mettons au point gr\u00e2ce \u00e0 notre technique perfectionn\u00e9e de tricot 3D sont aussi fabriqu\u00e9es en Belgique.[\/vc_column_text][vc_column_text]Nous produisons \u00e9galement des housses plus complexes dans notre propre unit\u00e9 de confection situ\u00e9e en Tunisie (certification\u00a0ISO\u00a09001:2015, ISO\u00a014001:2018 et\u00a0ISO\u00a045001:2018).[\/vc_column_text][vc_column_text]Enfin, pour les formes plus complexes, nous travaillons avec la technologie du tricotage 3D.[\/vc_column_text][vc_column_text]Outre des housses pour robots de pulv\u00e9risation, nous pouvons produire des housses pour d\u2019autres robots. Nos projets ont trait \u00e0 diverses industries.[\/vc_column_text][\/vc_column_inner][vc_column_inner width=\u00a0\u00bb1\/2&Prime;][vc_single_image image=\u00a0\u00bb1236&Prime; img_size=\u00a0\u00bblarge\u00a0\u00bb alignment=\u00a0\u00bbright\u00a0\u00bb css_animation=\u00a0\u00bbfadeInRight\u00a0\u00bb el_class=\u00a0\u00bbglobal_img_styling_capstan\u00a0\u00bb][\/vc_column_inner][\/vc_row_inner][vc_row_inner][vc_column_inner width=\u00a0\u00bb1\/2&Prime;][vc_single_image image=\u00a0\u00bb1293&Prime; img_size=\u00a0\u00bblarge\u00a0\u00bb alignment=\u00a0\u00bbright\u00a0\u00bb css_animation=\u00a0\u00bbfadeInRight\u00a0\u00bb el_class=\u00a0\u00bbglobal_img_styling_capstan\u00a0\u00bb][\/vc_column_inner][vc_column_inner width=\u00a0\u00bb1\/2&Prime;][vc_single_image image=\u00a0\u00bb1297&Prime; img_size=\u00a0\u00bblarge\u00a0\u00bb alignment=\u00a0\u00bbright\u00a0\u00bb css_animation=\u00a0\u00bbfadeInRight\u00a0\u00bb el_class=\u00a0\u00bbglobal_img_styling_capstan\u00a0\u00bb][\/vc_column_inner][\/vc_row_inner][\/vc_column][\/vc_row]<\/p>\n","protected":false},"excerpt":{"rendered":"<p>[vc_row el_class=\u00a0\u00bbs_header\u00a0\u00bb][vc_column][vc_column_text el_class=\u00a0\u00bbnon_h1&Prime;] Nos produits [\/vc_column_text][\/vc_column][\/vc_row][vc_row][vc_column][vc_row_inner][vc_column_inner width=\u00a0\u00bb1\/2&Prime;][vc_column_text]Le tissu de base de nos housses est la pierre angulaire de notre succ\u00e8s&#8230;.<\/p>\n","protected":false},"author":2,"featured_media":0,"parent":0,"menu_order":0,"comment_status":"closed","ping_status":"closed","template":"","meta":{"_custom_body_class":"","_custom_post_class":""},"yoast_head":"<!-- This site is optimized with the Yoast SEO plugin v16.4 - https:\/\/yoast.com\/wordpress\/plugins\/seo\/ -->\n<title>Housses pour robots sur mesure et bien plus encore - Capstan Technicals<\/title>\n<meta name=\"description\" content=\"Capstan Technicals: des housses pour robots sur mesure destin\u00e9es au secteur de la peinture et plein d&#039;autres produits. D\u00e9couvrez-les ici!\" \/>\n<meta name=\"robots\" content=\"index, follow, max-snippet:-1, max-image-preview:large, max-video-preview:-1\" \/>\n<link rel=\"canonical\" href=\"https:\/\/www.capstantechnicals.eu\/fr\/produits\/\" \/>\n<meta property=\"og:locale\" content=\"fr_FR\" \/>\n<meta property=\"og:type\" content=\"article\" \/>\n<meta property=\"og:title\" content=\"Housses pour robots sur mesure et bien plus encore - Capstan Technicals\" \/>\n<meta property=\"og:description\" content=\"Capstan Technicals: des housses pour robots sur mesure destin\u00e9es au secteur de la peinture et plein d&#039;autres produits. D\u00e9couvrez-les ici!\" \/>\n<meta property=\"og:url\" content=\"https:\/\/www.capstantechnicals.eu\/fr\/produits\/\" \/>\n<meta property=\"og:site_name\" content=\"Capstan Technicals\" \/>\n<meta property=\"article:modified_time\" content=\"2022-04-01T07:44:44+00:00\" \/>\n<meta name=\"twitter:card\" content=\"summary_large_image\" \/>\n<meta name=\"twitter:label1\" content=\"Dur\u00e9e de lecture est.\" \/>\n\t<meta name=\"twitter:data1\" content=\"1 minute\" \/>\n<script type=\"application\/ld+json\" class=\"yoast-schema-graph\">{\"@context\":\"https:\/\/schema.org\",\"@graph\":[{\"@type\":\"WebSite\",\"@id\":\"https:\/\/www.capstantechnicals.eu\/#website\",\"url\":\"https:\/\/www.capstantechnicals.eu\/\",\"name\":\"Capstan Technicals\",\"description\":\"Beschrijving\",\"potentialAction\":[{\"@type\":\"SearchAction\",\"target\":\"https:\/\/www.capstantechnicals.eu\/?s={search_term_string}\",\"query-input\":\"required name=search_term_string\"}],\"inLanguage\":\"fr-FR\"},{\"@type\":\"WebPage\",\"@id\":\"https:\/\/www.capstantechnicals.eu\/fr\/produits\/#webpage\",\"url\":\"https:\/\/www.capstantechnicals.eu\/fr\/produits\/\",\"name\":\"Housses pour robots sur mesure et bien plus encore - Capstan Technicals\",\"isPartOf\":{\"@id\":\"https:\/\/www.capstantechnicals.eu\/#website\"},\"datePublished\":\"2022-03-31T11:19:04+00:00\",\"dateModified\":\"2022-04-01T07:44:44+00:00\",\"description\":\"Capstan Technicals: des housses pour robots sur mesure destin\\u00e9es au secteur de la peinture et plein d'autres produits. D\\u00e9couvrez-les ici!\",\"breadcrumb\":{\"@id\":\"https:\/\/www.capstantechnicals.eu\/fr\/produits\/#breadcrumb\"},\"inLanguage\":\"fr-FR\",\"potentialAction\":[{\"@type\":\"ReadAction\",\"target\":[\"https:\/\/www.capstantechnicals.eu\/fr\/produits\/\"]}]},{\"@type\":\"BreadcrumbList\",\"@id\":\"https:\/\/www.capstantechnicals.eu\/fr\/produits\/#breadcrumb\",\"itemListElement\":[{\"@type\":\"ListItem\",\"position\":1,\"item\":{\"@type\":\"WebPage\",\"@id\":\"https:\/\/www.capstantechnicals.eu\/fr\/\",\"url\":\"https:\/\/www.capstantechnicals.eu\/fr\/\",\"name\":\"Home\"}},{\"@type\":\"ListItem\",\"position\":2,\"item\":{\"@id\":\"https:\/\/www.capstantechnicals.eu\/fr\/produits\/#webpage\"}}]}]}<\/script>\n<!-- \/ Yoast SEO plugin. -->","_links":{"self":[{"href":"https:\/\/www.capstantechnicals.eu\/fr\/wp-json\/wp\/v2\/pages\/1408"}],"collection":[{"href":"https:\/\/www.capstantechnicals.eu\/fr\/wp-json\/wp\/v2\/pages"}],"about":[{"href":"https:\/\/www.capstantechnicals.eu\/fr\/wp-json\/wp\/v2\/types\/page"}],"author":[{"embeddable":true,"href":"https:\/\/www.capstantechnicals.eu\/fr\/wp-json\/wp\/v2\/users\/2"}],"replies":[{"embeddable":true,"href":"https:\/\/www.capstantechnicals.eu\/fr\/wp-json\/wp\/v2\/comments?post=1408"}],"version-history":[{"count":6,"href":"https:\/\/www.capstantechnicals.eu\/fr\/wp-json\/wp\/v2\/pages\/1408\/revisions"}],"predecessor-version":[{"id":1462,"href":"https:\/\/www.capstantechnicals.eu\/fr\/wp-json\/wp\/v2\/pages\/1408\/revisions\/1462"}],"wp:attachment":[{"href":"https:\/\/www.capstantechnicals.eu\/fr\/wp-json\/wp\/v2\/media?parent=1408"}],"curies":[{"name":"wp","href":"https:\/\/api.w.org\/{rel}","templated":true}]}}