{"id":1400,"date":"2022-03-31T11:18:49","date_gmt":"2022-03-31T11:18:49","guid":{"rendered":"https:\/\/www.capstantechnicals.eu\/a-propos\/"},"modified":"2022-04-01T07:02:44","modified_gmt":"2022-04-01T07:02:44","slug":"a-propos","status":"publish","type":"page","link":"https:\/\/www.capstantechnicals.eu\/fr\/a-propos\/","title":{"rendered":"\u00c0 propos"},"content":{"rendered":"<p>[vc_row el_class=\u00a0\u00bbs_header\u00a0\u00bb][vc_column][vc_column_text el_class=\u00a0\u00bbnon_h1&Prime;]<\/p>\n<h2>Qui est <strong>qui\u00a0?<\/strong><\/h2>\n<p>[\/vc_column_text][\/vc_column][\/vc_row][vc_row][vc_column][vc_row_inner][vc_column_inner width=\u00a0\u00bb1\/2&Prime;][vc_single_image image=\u00a0\u00bb1260&Prime; img_size=\u00a0\u00bbfull\u00a0\u00bb alignment=\u00a0\u00bbcenter\u00a0\u00bb el_class=\u00a0\u00bbover_ons_styling_capstan_team\u00a0\u00bb][vc_column_text el_class=\u00a0\u00bbnon_h3&Prime;]<\/p>\n<p style=\"text-align: center;\"><strong>Vincent Galle<\/strong><\/p>\n<p>[\/vc_column_text][\/vc_column_inner][vc_column_inner width=\u00a0\u00bb1\/2&Prime;][vc_single_image image=\u00a0\u00bb1256&Prime; img_size=\u00a0\u00bbfull\u00a0\u00bb alignment=\u00a0\u00bbcenter\u00a0\u00bb el_class=\u00a0\u00bbover_ons_styling_capstan_team\u00a0\u00bb][vc_column_text el_class=\u00a0\u00bbnon_h3&Prime;]<\/p>\n<p style=\"text-align: center;\"><strong>Hendrik Staels<br \/>\n<\/strong><\/p>\n<p>[\/vc_column_text][\/vc_column_inner][\/vc_row_inner][vc_row_inner][vc_column_inner][vc_column_text]D\u00e9but 2000, Hendrik Staels et Vincent Galle ont d\u00e9cid\u00e9 d\u2019orienter diff\u00e9remment leur carri\u00e8re. \u00c1 cet \u00e9poque, ils \u00e9taient tous les deux actifs dans la mode.[\/vc_column_text][vc_column_text]L\u2019entreprise voulait clairement trouver une niche dans le textile o\u00f9 elle pourrait dominer le secteur.[\/vc_column_text][vc_column_text]Tr\u00e8s vite, Capstan Technicals s\u2019est retrouv\u00e9 dans le secteur de la protection contre la peinture, d\u2019abord \u00e0 l\u2019aide de combinaisons de peinture. Cependant, la soci\u00e9t\u00e9 s\u2019est tourn\u00e9e assez rapidement vers la production des premi\u00e8res housses pour robots.[\/vc_column_text][vc_column_text]Forte de son int\u00e9gration verticale tr\u00e8s pointue (de la fibre \u00e0 la housse) et d\u2019une connaissance remarquable du textile en interne, Capstan Technicals n\u2019a pas tard\u00e9 \u00e0 se hisser au rang de leader europ\u00e9en du march\u00e9 dans la production de protections contre la peinture pour robots.[\/vc_column_text][vc_column_text]De nombreux constructeurs europ\u00e9ens et leurs fournisseurs de niveau 1 sont nos clients depuis des ann\u00e9es.[\/vc_column_text][\/vc_column_inner][\/vc_row_inner][\/vc_column][\/vc_row]<\/p>\n","protected":false},"excerpt":{"rendered":"<p>[vc_row el_class=\u00a0\u00bbs_header\u00a0\u00bb][vc_column][vc_column_text el_class=\u00a0\u00bbnon_h1&Prime;] Qui est qui\u00a0? [\/vc_column_text][\/vc_column][\/vc_row][vc_row][vc_column][vc_row_inner][vc_column_inner width=\u00a0\u00bb1\/2&Prime;][vc_single_image image=\u00a0\u00bb1260&Prime; img_size=\u00a0\u00bbfull\u00a0\u00bb alignment=\u00a0\u00bbcenter\u00a0\u00bb el_class=\u00a0\u00bbover_ons_styling_capstan_team\u00a0\u00bb][vc_column_text el_class=\u00a0\u00bbnon_h3&Prime;] Vincent Galle [\/vc_column_text][\/vc_column_inner][vc_column_inner width=\u00a0\u00bb1\/2&Prime;][vc_single_image image=\u00a0\u00bb1256&Prime; img_size=\u00a0\u00bbfull\u00a0\u00bb alignment=\u00a0\u00bbcenter\u00a0\u00bb&#8230;<\/p>\n","protected":false},"author":2,"featured_media":0,"parent":0,"menu_order":0,"comment_status":"closed","ping_status":"closed","template":"","meta":{"_custom_body_class":"","_custom_post_class":""},"yoast_head":"<!-- This site is optimized with the Yoast SEO plugin v16.4 - https:\/\/yoast.com\/wordpress\/plugins\/seo\/ -->\n<title>D\u00e9couvrez l&#039;histoire de Capstan Techicals - Capstan Technicals<\/title>\n<meta name=\"description\" content=\"Comment Capstan Technicals est-il devenu un des leaders du secteur des housses pour robots sur mesure\u00a0? D\u00e9couvrez notre histoire ici.\" \/>\n<meta name=\"robots\" content=\"index, follow, max-snippet:-1, max-image-preview:large, max-video-preview:-1\" \/>\n<link rel=\"canonical\" href=\"https:\/\/www.capstantechnicals.eu\/fr\/a-propos\/\" \/>\n<meta property=\"og:locale\" content=\"fr_FR\" \/>\n<meta property=\"og:type\" content=\"article\" \/>\n<meta property=\"og:title\" content=\"D\u00e9couvrez l&#039;histoire de Capstan Techicals - Capstan Technicals\" \/>\n<meta property=\"og:description\" content=\"Comment Capstan Technicals est-il devenu un des leaders du secteur des housses pour robots sur mesure\u00a0? D\u00e9couvrez notre histoire ici.\" \/>\n<meta property=\"og:url\" content=\"https:\/\/www.capstantechnicals.eu\/fr\/a-propos\/\" \/>\n<meta property=\"og:site_name\" content=\"Capstan Technicals\" \/>\n<meta property=\"article:modified_time\" content=\"2022-04-01T07:02:44+00:00\" \/>\n<meta name=\"twitter:card\" content=\"summary_large_image\" \/>\n<meta name=\"twitter:label1\" content=\"Dur\u00e9e de lecture est.\" \/>\n\t<meta name=\"twitter:data1\" content=\"1 minute\" \/>\n<script type=\"application\/ld+json\" class=\"yoast-schema-graph\">{\"@context\":\"https:\/\/schema.org\",\"@graph\":[{\"@type\":\"WebSite\",\"@id\":\"https:\/\/www.capstantechnicals.eu\/#website\",\"url\":\"https:\/\/www.capstantechnicals.eu\/\",\"name\":\"Capstan Technicals\",\"description\":\"Beschrijving\",\"potentialAction\":[{\"@type\":\"SearchAction\",\"target\":\"https:\/\/www.capstantechnicals.eu\/?s={search_term_string}\",\"query-input\":\"required name=search_term_string\"}],\"inLanguage\":\"fr-FR\"},{\"@type\":\"WebPage\",\"@id\":\"https:\/\/www.capstantechnicals.eu\/fr\/a-propos\/#webpage\",\"url\":\"https:\/\/www.capstantechnicals.eu\/fr\/a-propos\/\",\"name\":\"D\\u00e9couvrez l'histoire de Capstan Techicals - Capstan Technicals\",\"isPartOf\":{\"@id\":\"https:\/\/www.capstantechnicals.eu\/#website\"},\"datePublished\":\"2022-03-31T11:18:49+00:00\",\"dateModified\":\"2022-04-01T07:02:44+00:00\",\"description\":\"Comment Capstan Technicals est-il devenu un des leaders du secteur des housses pour robots sur mesure\\u00a0? D\\u00e9couvrez notre histoire ici.\",\"breadcrumb\":{\"@id\":\"https:\/\/www.capstantechnicals.eu\/fr\/a-propos\/#breadcrumb\"},\"inLanguage\":\"fr-FR\",\"potentialAction\":[{\"@type\":\"ReadAction\",\"target\":[\"https:\/\/www.capstantechnicals.eu\/fr\/a-propos\/\"]}]},{\"@type\":\"BreadcrumbList\",\"@id\":\"https:\/\/www.capstantechnicals.eu\/fr\/a-propos\/#breadcrumb\",\"itemListElement\":[{\"@type\":\"ListItem\",\"position\":1,\"item\":{\"@type\":\"WebPage\",\"@id\":\"https:\/\/www.capstantechnicals.eu\/fr\/\",\"url\":\"https:\/\/www.capstantechnicals.eu\/fr\/\",\"name\":\"Home\"}},{\"@type\":\"ListItem\",\"position\":2,\"item\":{\"@id\":\"https:\/\/www.capstantechnicals.eu\/fr\/a-propos\/#webpage\"}}]}]}<\/script>\n<!-- \/ Yoast SEO plugin. -->","_links":{"self":[{"href":"https:\/\/www.capstantechnicals.eu\/fr\/wp-json\/wp\/v2\/pages\/1400"}],"collection":[{"href":"https:\/\/www.capstantechnicals.eu\/fr\/wp-json\/wp\/v2\/pages"}],"about":[{"href":"https:\/\/www.capstantechnicals.eu\/fr\/wp-json\/wp\/v2\/types\/page"}],"author":[{"embeddable":true,"href":"https:\/\/www.capstantechnicals.eu\/fr\/wp-json\/wp\/v2\/users\/2"}],"replies":[{"embeddable":true,"href":"https:\/\/www.capstantechnicals.eu\/fr\/wp-json\/wp\/v2\/comments?post=1400"}],"version-history":[{"count":9,"href":"https:\/\/www.capstantechnicals.eu\/fr\/wp-json\/wp\/v2\/pages\/1400\/revisions"}],"predecessor-version":[{"id":1490,"href":"https:\/\/www.capstantechnicals.eu\/fr\/wp-json\/wp\/v2\/pages\/1400\/revisions\/1490"}],"wp:attachment":[{"href":"https:\/\/www.capstantechnicals.eu\/fr\/wp-json\/wp\/v2\/media?parent=1400"}],"curies":[{"name":"wp","href":"https:\/\/api.w.org\/{rel}","templated":true}]}}