{"id":1396,"date":"2022-03-31T11:18:41","date_gmt":"2022-03-31T11:18:41","guid":{"rendered":"https:\/\/www.capstantechnicals.eu\/methode-de-travail\/"},"modified":"2022-04-01T09:33:28","modified_gmt":"2022-04-01T09:33:28","slug":"methode-de-travail","status":"publish","type":"page","link":"https:\/\/www.capstantechnicals.eu\/fr\/methode-de-travail\/","title":{"rendered":"M\u00e9thode de travail"},"content":{"rendered":"<p>[vc_row el_class=\u00a0\u00bbs_header\u00a0\u00bb][vc_column][vc_column_text el_class=\u00a0\u00bbnon_h1&Prime;]<\/p>\n<h2>Comment <strong>proc\u00e9dons-nous<\/strong>\u00a0?<\/h2>\n<p>[\/vc_column_text][vc_row_inner css=\u00a0\u00bb.vc_custom_1642093069774{margin-top: 30px !important;}\u00a0\u00bb][vc_column_inner width=\u00a0\u00bb1\/2&Prime;][vc_single_image image=\u00a0\u00bb1250&Prime; img_size=\u00a0\u00bbfull\u00a0\u00bb alignment=\u00a0\u00bbcenter\u00a0\u00bb css_animation=\u00a0\u00bbfadeIn\u00a0\u00bb el_class=\u00a0\u00bbglobal_img_styling_capstan\u00a0\u00bb][vc_column_text]Chaque ligne de peinture est diff\u00e9rente, chaque processus de production a ses propres besoins. Nous ne commen\u00e7ons donc pas par un produit standard, mais par une analyse approfondie de votre ligne de peinture.[\/vc_column_text][vc_column_text]Nous vous pr\u00e9sentons les produits n\u00e9cessaires et ensuite, nous fabriquons les \u00e9chantillons indispensables. Alors, nous proc\u00e9dons tr\u00e8s vite \u00e0 un premier essayage. Apr\u00e8s d\u2019\u00e9ventuelles modifications, nous confectionnons une s\u00e9rie test (1\u00a0semaine\/1\u00a0mois).[\/vc_column_text][vc_single_image image=\u00a0\u00bb1244&Prime; img_size=\u00a0\u00bblarge\u00a0\u00bb alignment=\u00a0\u00bbcenter\u00a0\u00bb css_animation=\u00a0\u00bbfadeIn\u00a0\u00bb el_class=\u00a0\u00bbglobal_img_styling_capstan\u00a0\u00bb][\/vc_column_inner][vc_column_inner width=\u00a0\u00bb1\/2&Prime;][vc_single_image image=\u00a0\u00bb1240&Prime; img_size=\u00a0\u00bblarge\u00a0\u00bb alignment=\u00a0\u00bbcenter\u00a0\u00bb css_animation=\u00a0\u00bbfadeIn\u00a0\u00bb el_class=\u00a0\u00bbglobal_img_styling_capstan\u00a0\u00bb][vc_column_text]Si nous passons \u00e0 des livraisons r\u00e9guli\u00e8res, nous veillons \u00e0 ce qu\u2019elles respectent toujours les d\u00e9lais et travaillons avec un objectif de \u00ab\u00a0Livraisons dans les d\u00e9lais\u00a0\u00bb de 100 %. Notre NOSP (Never Out of Stock Program) nous le permet.[\/vc_column_text][vc_column_text]Gr\u00e2ce \u00e0 un contr\u00f4le total du processus de production, la qualit\u00e9 reste tr\u00e8s constante.[\/vc_column_text][vc_column_text]\u00c0 cet effet, nous disposons d\u2019une certification de qualit\u00e9\u00a0ISO 9001:2015.[\/vc_column_text][vc_single_image image=\u00a0\u00bb1356&Prime; img_size=\u00a0\u00bbmedium\u00a0\u00bb alignment=\u00a0\u00bbcenter\u00a0\u00bb css_animation=\u00a0\u00bbfadeIn\u00a0\u00bb][\/vc_column_inner][\/vc_row_inner][\/vc_column][\/vc_row]<\/p>\n","protected":false},"excerpt":{"rendered":"<p>[vc_row el_class=\u00a0\u00bbs_header\u00a0\u00bb][vc_column][vc_column_text el_class=\u00a0\u00bbnon_h1&Prime;] Comment proc\u00e9dons-nous\u00a0? [\/vc_column_text][vc_row_inner css=\u00a0\u00bb.vc_custom_1642093069774{margin-top: 30px !important;}\u00a0\u00bb][vc_column_inner width=\u00a0\u00bb1\/2&Prime;][vc_single_image image=\u00a0\u00bb1250&Prime; img_size=\u00a0\u00bbfull\u00a0\u00bb alignment=\u00a0\u00bbcenter\u00a0\u00bb css_animation=\u00a0\u00bbfadeIn\u00a0\u00bb el_class=\u00a0\u00bbglobal_img_styling_capstan\u00a0\u00bb][vc_column_text]Chaque ligne de peinture est diff\u00e9rente,&#8230;<\/p>\n","protected":false},"author":2,"featured_media":0,"parent":0,"menu_order":0,"comment_status":"closed","ping_status":"closed","template":"","meta":{"_custom_body_class":"","_custom_post_class":""},"yoast_head":"<!-- This site is optimized with the Yoast SEO plugin v16.4 - https:\/\/yoast.com\/wordpress\/plugins\/seo\/ -->\n<title>D\u00e9couvrez notre m\u00e9thode de travail - Capstan Technicals<\/title>\n<meta name=\"description\" content=\"Sur mesure, 100\u00a0% de livraisons dans les d\u00e9lais et qualit\u00e9 exceptionnelle garantie. Capstan Technicals vous le promet.\" \/>\n<meta name=\"robots\" content=\"index, follow, max-snippet:-1, max-image-preview:large, max-video-preview:-1\" \/>\n<link rel=\"canonical\" href=\"https:\/\/www.capstantechnicals.eu\/fr\/methode-de-travail\/\" \/>\n<meta property=\"og:locale\" content=\"fr_FR\" \/>\n<meta property=\"og:type\" content=\"article\" \/>\n<meta property=\"og:title\" content=\"D\u00e9couvrez notre m\u00e9thode de travail - Capstan Technicals\" \/>\n<meta property=\"og:description\" content=\"Sur mesure, 100\u00a0% de livraisons dans les d\u00e9lais et qualit\u00e9 exceptionnelle garantie. Capstan Technicals vous le promet.\" \/>\n<meta property=\"og:url\" content=\"https:\/\/www.capstantechnicals.eu\/fr\/methode-de-travail\/\" \/>\n<meta property=\"og:site_name\" content=\"Capstan Technicals\" \/>\n<meta property=\"article:modified_time\" content=\"2022-04-01T09:33:28+00:00\" \/>\n<meta name=\"twitter:card\" content=\"summary_large_image\" \/>\n<meta name=\"twitter:label1\" content=\"Dur\u00e9e de lecture est.\" \/>\n\t<meta name=\"twitter:data1\" content=\"1 minute\" \/>\n<script type=\"application\/ld+json\" class=\"yoast-schema-graph\">{\"@context\":\"https:\/\/schema.org\",\"@graph\":[{\"@type\":\"WebSite\",\"@id\":\"https:\/\/www.capstantechnicals.eu\/#website\",\"url\":\"https:\/\/www.capstantechnicals.eu\/\",\"name\":\"Capstan Technicals\",\"description\":\"Beschrijving\",\"potentialAction\":[{\"@type\":\"SearchAction\",\"target\":\"https:\/\/www.capstantechnicals.eu\/?s={search_term_string}\",\"query-input\":\"required name=search_term_string\"}],\"inLanguage\":\"fr-FR\"},{\"@type\":\"WebPage\",\"@id\":\"https:\/\/www.capstantechnicals.eu\/fr\/methode-de-travail\/#webpage\",\"url\":\"https:\/\/www.capstantechnicals.eu\/fr\/methode-de-travail\/\",\"name\":\"D\\u00e9couvrez notre m\\u00e9thode de travail - Capstan Technicals\",\"isPartOf\":{\"@id\":\"https:\/\/www.capstantechnicals.eu\/#website\"},\"datePublished\":\"2022-03-31T11:18:41+00:00\",\"dateModified\":\"2022-04-01T09:33:28+00:00\",\"description\":\"Sur mesure, 100\\u00a0% de livraisons dans les d\\u00e9lais et qualit\\u00e9 exceptionnelle garantie. Capstan Technicals vous le promet.\",\"breadcrumb\":{\"@id\":\"https:\/\/www.capstantechnicals.eu\/fr\/methode-de-travail\/#breadcrumb\"},\"inLanguage\":\"fr-FR\",\"potentialAction\":[{\"@type\":\"ReadAction\",\"target\":[\"https:\/\/www.capstantechnicals.eu\/fr\/methode-de-travail\/\"]}]},{\"@type\":\"BreadcrumbList\",\"@id\":\"https:\/\/www.capstantechnicals.eu\/fr\/methode-de-travail\/#breadcrumb\",\"itemListElement\":[{\"@type\":\"ListItem\",\"position\":1,\"item\":{\"@type\":\"WebPage\",\"@id\":\"https:\/\/www.capstantechnicals.eu\/fr\/\",\"url\":\"https:\/\/www.capstantechnicals.eu\/fr\/\",\"name\":\"Home\"}},{\"@type\":\"ListItem\",\"position\":2,\"item\":{\"@id\":\"https:\/\/www.capstantechnicals.eu\/fr\/methode-de-travail\/#webpage\"}}]}]}<\/script>\n<!-- \/ Yoast SEO plugin. -->","_links":{"self":[{"href":"https:\/\/www.capstantechnicals.eu\/fr\/wp-json\/wp\/v2\/pages\/1396"}],"collection":[{"href":"https:\/\/www.capstantechnicals.eu\/fr\/wp-json\/wp\/v2\/pages"}],"about":[{"href":"https:\/\/www.capstantechnicals.eu\/fr\/wp-json\/wp\/v2\/types\/page"}],"author":[{"embeddable":true,"href":"https:\/\/www.capstantechnicals.eu\/fr\/wp-json\/wp\/v2\/users\/2"}],"replies":[{"embeddable":true,"href":"https:\/\/www.capstantechnicals.eu\/fr\/wp-json\/wp\/v2\/comments?post=1396"}],"version-history":[{"count":5,"href":"https:\/\/www.capstantechnicals.eu\/fr\/wp-json\/wp\/v2\/pages\/1396\/revisions"}],"predecessor-version":[{"id":1485,"href":"https:\/\/www.capstantechnicals.eu\/fr\/wp-json\/wp\/v2\/pages\/1396\/revisions\/1485"}],"wp:attachment":[{"href":"https:\/\/www.capstantechnicals.eu\/fr\/wp-json\/wp\/v2\/media?parent=1396"}],"curies":[{"name":"wp","href":"https:\/\/api.w.org\/{rel}","templated":true}]}}