{"id":1392,"date":"2022-03-31T11:18:34","date_gmt":"2022-03-31T11:18:34","guid":{"rendered":"https:\/\/www.capstantechnicals.eu\/contact\/"},"modified":"2022-04-01T07:28:44","modified_gmt":"2022-04-01T07:28:44","slug":"contact","status":"publish","type":"page","link":"https:\/\/www.capstantechnicals.eu\/fr\/contact\/","title":{"rendered":"Contact"},"content":{"rendered":"<p>[vc_row][vc_column width=\u00a0\u00bb1\/2&Prime; el_class=\u00a0\u00bbcontact_left\u00a0\u00bb][vc_column_text el_class=\u00a0\u00bbtxt txt&#8211;underscore\u00a0\u00bb]<\/p>\n<div class=\"wpb_text_column wpb_content_element vc_custom_1594735870006 non_h3\">\n<div class=\"wpb_wrapper\">\n<h2 style=\"text-align: center;\">Contactez-nous sur<\/h2>\n<\/div>\n<\/div>\n<p>[\/vc_column_text][vc_row_inner el_class=\u00a0\u00bbcontainer__contact-persoon\u00a0\u00bb][vc_column_inner el_class=\u00a0\u00bbcard border-radius-1 card-ib\u00a0\u00bb][vc_column_text el_class=\u00a0\u00bbf-left\u00a0\u00bb]<img class=\"alignnone size-medium wp-image-1258\" src=\"https:\/\/www.capstantechnicals.eu\/wp-content\/uploads\/2022\/01\/Vincent-Galle-300x300.jpg\" alt=\"\" width=\"300\" height=\"300\" \/>[\/vc_column_text][vc_column_text el_class=\u00a0\u00bbtxt\u00a0\u00bb]<\/p>\n<h3><strong>Vincent Galle<\/strong><\/h3>\n<p><a href=\"tel:+32495272767\"> +32\u00a049\u00a0527\u00a027 67<\/a><br \/>\n<strong><a href=\"mailto:vincent@is3.be\">vincent@is3.be<\/a><\/strong>[\/vc_column_text][\/vc_column_inner][\/vc_row_inner][vc_row_inner el_class=\u00a0\u00bbcontainer__contact-persoon\u00a0\u00bb][vc_column_inner el_class=\u00a0\u00bbcard border-radius-1 card-ib\u00a0\u00bb][vc_column_text el_class=\u00a0\u00bbf-left\u00a0\u00bb]<img class=\"alignnone size-medium wp-image-1254\" src=\"https:\/\/www.capstantechnicals.eu\/wp-content\/uploads\/2022\/01\/Hendrik-Staels--300x300.jpg\" alt=\"\" width=\"300\" height=\"300\" \/>[\/vc_column_text][vc_column_text el_class=\u00a0\u00bbtxt\u00a0\u00bb]<\/p>\n<h3><strong>Hendrik Staels<\/strong><\/h3>\n<p><a href=\"tel:+32475423634\"> +32\u00a047\u00a0542\u00a036 34<\/a><br \/>\n<strong><a href=\"mailto:hendrik@is3.be\">hendrik@is3.be<\/a><\/strong>[\/vc_column_text][\/vc_column_inner][\/vc_row_inner][\/vc_column][vc_column width=\u00a0\u00bb1\/2&Prime; el_class=\u00a0\u00bbcontact_right\u00a0\u00bb]<div role=\"form\" class=\"wpcf7\" id=\"wpcf7-f1419-o1\" lang=\"en-US\" dir=\"ltr\">\n<div class=\"screen-reader-response\"><p role=\"status\" aria-live=\"polite\" aria-atomic=\"true\"><\/p> <ul><\/ul><\/div>\n<form action=\"\/fr\/wp-json\/wp\/v2\/pages\/1392#wpcf7-f1419-o1\" method=\"post\" class=\"wpcf7-form init\" novalidate=\"novalidate\" data-status=\"init\">\n<div style=\"display: none;\">\n<input type=\"hidden\" name=\"_wpcf7\" value=\"1419\" \/>\n<input type=\"hidden\" name=\"_wpcf7_version\" value=\"5.4.1\" \/>\n<input type=\"hidden\" name=\"_wpcf7_locale\" value=\"en_US\" \/>\n<input type=\"hidden\" name=\"_wpcf7_unit_tag\" value=\"wpcf7-f1419-o1\" \/>\n<input type=\"hidden\" name=\"_wpcf7_container_post\" value=\"0\" \/>\n<input type=\"hidden\" name=\"_wpcf7_posted_data_hash\" value=\"\" \/>\n<input type=\"hidden\" name=\"_wpcf7_recaptcha_response\" value=\"\" \/>\n<\/div>\n<p><span class=\"wpcf7-form-control-wrap your-name\"><input type=\"text\" name=\"your-name\" value=\"\" size=\"40\" class=\"wpcf7-form-control wpcf7-text wpcf7-validates-as-required\" aria-required=\"true\" aria-invalid=\"false\" placeholder=\"Votre nom *\" \/><\/span><br \/>\n<span class=\"wpcf7-form-control-wrap your-email\"><input type=\"email\" name=\"your-email\" value=\"\" size=\"40\" class=\"wpcf7-form-control wpcf7-text wpcf7-email wpcf7-validates-as-required wpcf7-validates-as-email\" aria-required=\"true\" aria-invalid=\"false\" placeholder=\"Votre adresse e-mail *\" \/><\/span><br \/>\n<span class=\"wpcf7-form-control-wrap your-tel\"><input type=\"tel\" name=\"your-tel\" value=\"\" size=\"40\" class=\"wpcf7-form-control wpcf7-text wpcf7-tel wpcf7-validates-as-required wpcf7-validates-as-tel\" aria-required=\"true\" aria-invalid=\"false\" placeholder=\"Votre num\u00e9ro de t\u00e9l\u00e9phone *\" \/><\/span><br \/>\n<span class=\"wpcf7-form-control-wrap your-message\"><textarea name=\"your-message\" cols=\"40\" rows=\"10\" class=\"wpcf7-form-control wpcf7-textarea wpcf7-validates-as-required\" aria-required=\"true\" aria-invalid=\"false\" placeholder=\"Votre message *\"><\/textarea><\/span><\/p>\n<div class=\"capt-zin-necc\">Ce site internet est prot\u00e9g\u00e9 par reCAPTCHA. La <a href=\"https:\/\/policies.google.com\/privacy\">politique de confidentialit\u00e9<\/a> et les <a href=\"https:\/\/policies.google.com\/terms\">conditions de service<\/a> de Google s\u2019appliquent.<\/div>\n<p><span class=\"wpcf7-form-control-wrap acceptance-601\"><span class=\"wpcf7-form-control wpcf7-acceptance\"><span class=\"wpcf7-list-item\"><label><input type=\"checkbox\" name=\"acceptance-601\" value=\"1\" aria-invalid=\"false\" \/><span class=\"wpcf7-list-item-label\">J\u2019accepte <a href=\"\/fr\/politique-de-confidentialite\/\">la politique de confidentialit\u00e9<\/a> de Capstan Technicals<\/span><\/label><\/span><\/span><\/span><br \/>\n<input type=\"submit\" value=\"Envoyer le message\" class=\"wpcf7-form-control wpcf7-submit\" \/><\/p>\n<div class=\"wpcf7-response-output\" aria-hidden=\"true\"><\/div><\/form><\/div>[\/vc_column][\/vc_row][vc_row el_class=\u00a0\u00bbcontainer__img&#8211;w100&Prime;][vc_column][vc_row_inner][vc_column_inner][vc_single_image image=\u00a0\u00bb1210&Prime;][\/vc_column_inner][\/vc_row_inner][\/vc_column][\/vc_row][vc_row el_class=\u00a0\u00bbcontact_kom_langs_title_capstan\u00a0\u00bb][vc_column][vc_column_text el_class=\u00a0\u00bbtxt txt&#8211;underscore\u00a0\u00bb]<\/p>\n<h2 style=\"text-align: center;\">Nous vous attendons<\/h2>\n<p>[\/vc_column_text][\/vc_column][\/vc_row][vc_row el_class=\u00a0\u00bbcontainer__adress\u00a0\u00bb][vc_column width=\u00a0\u00bb2\/3&Prime;][vc_row_inner el_class=\u00a0\u00bbcard&#8211;map\u00a0\u00bb][vc_column_inner][vc_gmaps link=\u00a0\u00bb#E-8_JTNDaWZyYW1lJTIwc3JjJTNEJTIyaHR0cHMlM0ElMkYlMkZ3d3cuZ29vZ2xlLmNvbSUyRm1hcHMlMkZkJTJGdSUyRjAlMkZlbWJlZCUzRm1pZCUzRDFBYm1LVlRPd05tSnAzWHo4cUJpekk2MGNjbkJZOENiayUyNmVoYmMlM0QyRTMxMkYlMjZ6JTNEOSUyMiUyMHdpZHRoJTNEJTIyNjAwJTIyJTIwaGVpZ2h0JTNEJTIyMzUwJTIyJTNFJTNDJTJGaWZyYW1lJTNF\u00a0\u00bb el_class=\u00a0\u00bbcard border-radius-1 card__map\u00a0\u00bb][\/vc_column_inner][\/vc_row_inner][\/vc_column][vc_column width=\u00a0\u00bb1\/3&Prime;][vc_row_inner][vc_column_inner el_class=\u00a0\u00bbcard border-radius-1&Prime;][vc_column_text]Dagmoedstraat 94b<\/p>\n<p>9500 Geraardsbergen<\/p>\n<p>Belgique[\/vc_column_text][\/vc_column_inner][\/vc_row_inner][vc_single_image image=\u00a0\u00bb1273&Prime; img_size=\u00a0\u00bbmedium\u00a0\u00bb el_class=\u00a0\u00bbcontact_bottom_right_img_css_capstan\u00a0\u00bb][\/vc_column][\/vc_row]<\/p>\n","protected":false},"excerpt":{"rendered":"<p>[vc_row][vc_column width=\u00a0\u00bb1\/2&Prime; el_class=\u00a0\u00bbcontact_left\u00a0\u00bb][vc_column_text el_class=\u00a0\u00bbtxt txt&#8211;underscore\u00a0\u00bb] Contactez-nous sur [\/vc_column_text][vc_row_inner el_class=\u00a0\u00bbcontainer__contact-persoon\u00a0\u00bb][vc_column_inner el_class=\u00a0\u00bbcard border-radius-1 card-ib\u00a0\u00bb][vc_column_text el_class=\u00a0\u00bbf-left\u00a0\u00bb][\/vc_column_text][vc_column_text el_class=\u00a0\u00bbtxt\u00a0\u00bb] Vincent Galle +32\u00a049\u00a0527\u00a027 67 vincent@is3.be[\/vc_column_text][\/vc_column_inner][\/vc_row_inner][vc_row_inner el_class=\u00a0\u00bbcontainer__contact-persoon\u00a0\u00bb][vc_column_inner&#8230;<\/p>\n","protected":false},"author":2,"featured_media":0,"parent":0,"menu_order":0,"comment_status":"closed","ping_status":"closed","template":"","meta":{"_custom_body_class":"","_custom_post_class":""},"yoast_head":"<!-- This site is optimized with the Yoast SEO plugin v16.4 - https:\/\/yoast.com\/wordpress\/plugins\/seo\/ -->\n<title>Contacter Capstan Technicals - Capstan Technicals<\/title>\n<meta name=\"description\" content=\"Vous d\u00e9sirez avoir de plus amples des informations sur les housses pour robots sur mesure de Capstan Technicals? Contactez-nous!\" \/>\n<meta name=\"robots\" content=\"index, follow, max-snippet:-1, max-image-preview:large, max-video-preview:-1\" \/>\n<link rel=\"canonical\" href=\"https:\/\/www.capstantechnicals.eu\/fr\/contact\/\" \/>\n<meta property=\"og:locale\" content=\"fr_FR\" \/>\n<meta property=\"og:type\" content=\"article\" \/>\n<meta property=\"og:title\" content=\"Contacter Capstan Technicals - Capstan Technicals\" \/>\n<meta property=\"og:description\" content=\"Vous d\u00e9sirez avoir de plus amples des informations sur les housses pour robots sur mesure de Capstan Technicals? Contactez-nous!\" \/>\n<meta property=\"og:url\" content=\"https:\/\/www.capstantechnicals.eu\/fr\/contact\/\" \/>\n<meta property=\"og:site_name\" content=\"Capstan Technicals\" \/>\n<meta property=\"article:modified_time\" content=\"2022-04-01T07:28:44+00:00\" \/>\n<meta property=\"og:image\" content=\"https:\/\/www.capstantechnicals.eu\/wp-content\/uploads\/2022\/01\/Vincent-Galle-300x300.jpg\" \/>\n<meta name=\"twitter:card\" content=\"summary_large_image\" \/>\n<meta name=\"twitter:label1\" content=\"Dur\u00e9e de lecture est.\" \/>\n\t<meta name=\"twitter:data1\" content=\"1 minute\" \/>\n<script type=\"application\/ld+json\" class=\"yoast-schema-graph\">{\"@context\":\"https:\/\/schema.org\",\"@graph\":[{\"@type\":\"WebSite\",\"@id\":\"https:\/\/www.capstantechnicals.eu\/#website\",\"url\":\"https:\/\/www.capstantechnicals.eu\/\",\"name\":\"Capstan Technicals\",\"description\":\"Beschrijving\",\"potentialAction\":[{\"@type\":\"SearchAction\",\"target\":\"https:\/\/www.capstantechnicals.eu\/?s={search_term_string}\",\"query-input\":\"required name=search_term_string\"}],\"inLanguage\":\"fr-FR\"},{\"@type\":\"ImageObject\",\"@id\":\"https:\/\/www.capstantechnicals.eu\/fr\/contact\/#primaryimage\",\"inLanguage\":\"fr-FR\",\"url\":\"https:\/\/www.capstantechnicals.eu\/wp-content\/uploads\/2022\/01\/Vincent-Galle-300x300.jpg\",\"contentUrl\":\"https:\/\/www.capstantechnicals.eu\/wp-content\/uploads\/2022\/01\/Vincent-Galle-300x300.jpg\"},{\"@type\":\"WebPage\",\"@id\":\"https:\/\/www.capstantechnicals.eu\/fr\/contact\/#webpage\",\"url\":\"https:\/\/www.capstantechnicals.eu\/fr\/contact\/\",\"name\":\"Contacter Capstan Technicals - Capstan Technicals\",\"isPartOf\":{\"@id\":\"https:\/\/www.capstantechnicals.eu\/#website\"},\"primaryImageOfPage\":{\"@id\":\"https:\/\/www.capstantechnicals.eu\/fr\/contact\/#primaryimage\"},\"datePublished\":\"2022-03-31T11:18:34+00:00\",\"dateModified\":\"2022-04-01T07:28:44+00:00\",\"description\":\"Vous d\\u00e9sirez avoir de plus amples des informations sur les housses pour robots sur mesure de Capstan Technicals? Contactez-nous!\",\"breadcrumb\":{\"@id\":\"https:\/\/www.capstantechnicals.eu\/fr\/contact\/#breadcrumb\"},\"inLanguage\":\"fr-FR\",\"potentialAction\":[{\"@type\":\"ReadAction\",\"target\":[\"https:\/\/www.capstantechnicals.eu\/fr\/contact\/\"]}]},{\"@type\":\"BreadcrumbList\",\"@id\":\"https:\/\/www.capstantechnicals.eu\/fr\/contact\/#breadcrumb\",\"itemListElement\":[{\"@type\":\"ListItem\",\"position\":1,\"item\":{\"@type\":\"WebPage\",\"@id\":\"https:\/\/www.capstantechnicals.eu\/fr\/\",\"url\":\"https:\/\/www.capstantechnicals.eu\/fr\/\",\"name\":\"Home\"}},{\"@type\":\"ListItem\",\"position\":2,\"item\":{\"@id\":\"https:\/\/www.capstantechnicals.eu\/fr\/contact\/#webpage\"}}]}]}<\/script>\n<!-- \/ Yoast SEO plugin. -->","_links":{"self":[{"href":"https:\/\/www.capstantechnicals.eu\/fr\/wp-json\/wp\/v2\/pages\/1392"}],"collection":[{"href":"https:\/\/www.capstantechnicals.eu\/fr\/wp-json\/wp\/v2\/pages"}],"about":[{"href":"https:\/\/www.capstantechnicals.eu\/fr\/wp-json\/wp\/v2\/types\/page"}],"author":[{"embeddable":true,"href":"https:\/\/www.capstantechnicals.eu\/fr\/wp-json\/wp\/v2\/users\/2"}],"replies":[{"embeddable":true,"href":"https:\/\/www.capstantechnicals.eu\/fr\/wp-json\/wp\/v2\/comments?post=1392"}],"version-history":[{"count":5,"href":"https:\/\/www.capstantechnicals.eu\/fr\/wp-json\/wp\/v2\/pages\/1392\/revisions"}],"predecessor-version":[{"id":1420,"href":"https:\/\/www.capstantechnicals.eu\/fr\/wp-json\/wp\/v2\/pages\/1392\/revisions\/1420"}],"wp:attachment":[{"href":"https:\/\/www.capstantechnicals.eu\/fr\/wp-json\/wp\/v2\/media?parent=1392"}],"curies":[{"name":"wp","href":"https:\/\/api.w.org\/{rel}","templated":true}]}}